{"id":12,"date":"2017-12-03T19:21:10","date_gmt":"2017-12-03T19:21:10","guid":{"rendered":"http:\/\/energieberatung-cyriax.de\/?page_id=12"},"modified":"2023-02-25T10:08:11","modified_gmt":"2023-02-25T10:08:11","slug":"leistungen","status":"publish","type":"page","link":"https:\/\/energieberatung-cyriax.de\/?page_id=12","title":{"rendered":"Leistungen"},"content":{"rendered":"<p style=\"text-align: center;\">Erstellung eines bedarfsorientierten, zertifizierten Energieausweises.<br \/>\nVor-Ort-Beratung zu W\u00e4rmed\u00e4mmung, Heizung, Solar, Strom, Gas und anderen alternativen Energien zur Verbesserung der Energie-Effizienz.<\/p>\n<p style=\"text-align: center;\"><img loading=\"lazy\" decoding=\"async\" class=\"aligncenter wp-image-76 size-large\" src=\"https:\/\/energieberatung-cyriax.de\/wp-content\/uploads\/2017\/12\/energy-efficiency-154006_1280-1024x575.png\" alt=\"\" width=\"525\" height=\"295\" srcset=\"https:\/\/energieberatung-cyriax.de\/wp-content\/uploads\/2017\/12\/energy-efficiency-154006_1280-1024x575.png 1024w, https:\/\/energieberatung-cyriax.de\/wp-content\/uploads\/2017\/12\/energy-efficiency-154006_1280-300x169.png 300w, https:\/\/energieberatung-cyriax.de\/wp-content\/uploads\/2017\/12\/energy-efficiency-154006_1280-768x431.png 768w, https:\/\/energieberatung-cyriax.de\/wp-content\/uploads\/2017\/12\/energy-efficiency-154006_1280.png 1280w\" sizes=\"auto, (max-width: 525px) 100vw, 525px\" \/><\/p>\n<p style=\"text-align: center;\">Erstellung von Modernisierungsempfehlungen unter Ber\u00fccksichtigung Ihrer W\u00fcnsche und M\u00f6glichkeiten, einschlie\u00dflich energetischer Beurteilung aller relevanten Bauteile.<\/p>\n<p style=\"text-align: center;\">Aufdecken von Schwachstellen\/W\u00e4rmebr\u00fccken sowie Wirtschaftlichkeitsberechnungen.<\/p>\n<p style=\"text-align: center;\">Eine Gegen\u00fcberstellung\u00a0 verschiedener Energieeinsparungs-Varianten sowie der Investitionen und Amortisation wird Ihre Entscheidung zur Sanierung erleichtern.<\/p>\n<p style=\"text-align: center;\"><img loading=\"lazy\" decoding=\"async\" class=\"aligncenter wp-image-49 size-large\" src=\"https:\/\/energieberatung-cyriax.de\/wp-content\/uploads\/2017\/12\/light-bulb-2631864_1920-1024x636.jpg\" alt=\"\" width=\"525\" height=\"326\" srcset=\"https:\/\/energieberatung-cyriax.de\/wp-content\/uploads\/2017\/12\/light-bulb-2631864_1920-1024x636.jpg 1024w, https:\/\/energieberatung-cyriax.de\/wp-content\/uploads\/2017\/12\/light-bulb-2631864_1920-300x186.jpg 300w, https:\/\/energieberatung-cyriax.de\/wp-content\/uploads\/2017\/12\/light-bulb-2631864_1920-768x477.jpg 768w, https:\/\/energieberatung-cyriax.de\/wp-content\/uploads\/2017\/12\/light-bulb-2631864_1920.jpg 1920w\" sizes=\"auto, (max-width: 525px) 100vw, 525px\" \/><\/p>\n<p style=\"text-align: center;\"><strong>Tarifvergleiche bei Strom und Gas<\/strong>, Jetzt aktuell Sonderkonditionen auch f\u00fcr \u00d6KOSTROM-Privat und f\u00fcr Gewerbe ab <strong>36,9 Ct.\/kwh bei Strom<\/strong> sowie <strong>11,9 Ct.\/kwh bei Gas<\/strong> und mit 2 Jahren Preisgarantie!<br \/>\n<strong>Kostenlose \u00dcbernahme <\/strong>aller Wechselformalit\u00e4ten.<\/p>\n<p style=\"text-align: center;\">Erarbeitung und \u00dcbergabe eines detaillierten <strong>Energie-Beratungsberichts<\/strong>, der Sie in die Lage versetzt, die optimalen energetischen Sanierungsvarianten zu w\u00e4hlen sowie entsprechende F\u00f6rderungen zu erlangen.<\/p>\n<p style=\"text-align: center;\"><img loading=\"lazy\" decoding=\"async\" class=\"aligncenter wp-image-74 size-large\" src=\"https:\/\/energieberatung-cyriax.de\/wp-content\/uploads\/2017\/12\/energy-139366_1920-1024x681.jpg\" alt=\"\" width=\"525\" height=\"349\" srcset=\"https:\/\/energieberatung-cyriax.de\/wp-content\/uploads\/2017\/12\/energy-139366_1920-1024x681.jpg 1024w, https:\/\/energieberatung-cyriax.de\/wp-content\/uploads\/2017\/12\/energy-139366_1920-300x199.jpg 300w, https:\/\/energieberatung-cyriax.de\/wp-content\/uploads\/2017\/12\/energy-139366_1920-768x510.jpg 768w, https:\/\/energieberatung-cyriax.de\/wp-content\/uploads\/2017\/12\/energy-139366_1920.jpg 1920w\" sizes=\"auto, (max-width: 525px) 100vw, 525px\" \/><\/p>\n<p style=\"text-align: center;\">ENERGIE- ein hei\u00dfes Thema &#8211; nicht nur in der kalten Jahreszeit!<br \/>\nBei Fragen oder weiteren Informationen schicken Sie mir einfach eine <a href=\"mailto:info@energieberatung-cyriax.de\">E-Mail<\/a>, rufen mich an oder f\u00fcllen das <a href=\"https:\/\/energieberatung-cyriax.de\/?page_id=21\">Kontaktformular<\/a> aus.<\/p>\n<p style=\"text-align: center;\">weitere Leistungen:<br \/>\n\u2022 Grundst\u00fccks- und Liegenschaftsangelegenheiten<br \/>\n\u2022 Kl\u00e4rung von Kataster- und Nutzungsrechten<br \/>\n\u2022 <strong>Bewertung bebauter und unbebauter Grundst\u00fccke<\/strong><\/p>\n<p style=\"text-align: center;\">\n","protected":false},"excerpt":{"rendered":"<p>Erstellung eines bedarfsorientierten, zertifizierten Energieausweises. Vor-Ort-Beratung zu W\u00e4rmed\u00e4mmung, Heizung, Solar, Strom, Gas und anderen alternativen Energien zur Verbesserung der Energie-Effizienz. Erstellung von Modernisierungsempfehlungen unter Ber\u00fccksichtigung Ihrer W\u00fcnsche und M\u00f6glichkeiten, einschlie\u00dflich energetischer Beurteilung aller relevanten Bauteile. Aufdecken von Schwachstellen\/W\u00e4rmebr\u00fccken sowie Wirtschaftlichkeitsberechnungen. Eine Gegen\u00fcberstellung\u00a0 verschiedener Energieeinsparungs-Varianten sowie der Investitionen und Amortisation wird [&hellip;]<\/p>\n","protected":false},"author":1,"featured_media":0,"parent":0,"menu_order":3,"comment_status":"closed","ping_status":"closed","template":"","meta":{"footnotes":""},"class_list":["post-12","page","type-page","status-publish","hentry"],"_links":{"self":[{"href":"https:\/\/energieberatung-cyriax.de\/index.php?rest_route=\/wp\/v2\/pages\/12","targetHints":{"allow":["GET"]}}],"collection":[{"href":"https:\/\/energieberatung-cyriax.de\/index.php?rest_route=\/wp\/v2\/pages"}],"about":[{"href":"https:\/\/energieberatung-cyriax.de\/index.php?rest_route=\/wp\/v2\/types\/page"}],"author":[{"embeddable":true,"href":"https:\/\/energieberatung-cyriax.de\/index.php?rest_route=\/wp\/v2\/users\/1"}],"replies":[{"embeddable":true,"href":"https:\/\/energieberatung-cyriax.de\/index.php?rest_route=%2Fwp%2Fv2%2Fcomments&post=12"}],"version-history":[{"count":6,"href":"https:\/\/energieberatung-cyriax.de\/index.php?rest_route=\/wp\/v2\/pages\/12\/revisions"}],"predecessor-version":[{"id":183,"href":"https:\/\/energieberatung-cyriax.de\/index.php?rest_route=\/wp\/v2\/pages\/12\/revisions\/183"}],"wp:attachment":[{"href":"https:\/\/energieberatung-cyriax.de\/index.php?rest_route=%2Fwp%2Fv2%2Fmedia&parent=12"}],"curies":[{"name":"wp","href":"https:\/\/api.w.org\/{rel}","templated":true}]}}