{"id":153,"date":"2017-12-13T21:28:35","date_gmt":"2017-12-13T21:28:35","guid":{"rendered":"https:\/\/energieberatung-cyriax.de\/?page_id=153"},"modified":"2017-12-13T21:35:59","modified_gmt":"2017-12-13T21:35:59","slug":"links","status":"publish","type":"page","link":"https:\/\/energieberatung-cyriax.de\/?page_id=153","title":{"rendered":"Links"},"content":{"rendered":"<p><span>Nutzen Sie das ganze Internet!<\/span><\/p>\n<p><span>Wir haben auf dieser Seite interessante Links f\u00fcr unsere Kunden zusammengestellt. So k\u00f6nnen Sie ganz entspannt surfen und sich zum Thema Ihrer Wahl noch umfassender informieren. Diese Links aktualisieren wir st\u00e4ndig, sodass Sie hier immer wieder den einen oder anderen zus\u00e4tzlichen Hinweis finden. Schauen Sie also einfach \u00f6fter mal vorbei &#8211; es lohnt sich!<\/span><\/p>\n<ul>\n<li><a class=\"external text\" rel=\"nofollow noopener\" target=\"_blank\" href=\"http:\/\/www.bmub.bund.de\/themen\/bauen\/energieeffizientes-bauen-und-sanieren\/energieeinsparverordnung\/\">EnEV (EnergieEinsparVerordnung)<\/a><\/li>\n<li><a class=\"external text\" rel=\"nofollow noopener\" target=\"_blank\" href=\"http:\/\/www.buzer.de\/gesetz\/7831\/l.htm\">Synopse der \u00c4nderungen der EnEV<\/a><\/li>\n<li><a class=\"external text\" rel=\"nofollow noopener\" target=\"_blank\" href=\"http:\/\/www.oekozentrum-nrw.de\/enev.html\">Informationen zur neuen EnEV 2009<\/a><\/li>\n<li><a class=\"external text\" rel=\"nofollow noopener\" target=\"_blank\" href=\"http:\/\/www.enev-online.de\/index.htm\">EnEV-online: Fachportal zur Energieeinsparverordnung<\/a><\/li>\n<li><a target=\"_blank\" href=\"http:\/\/www.kfw-foerderbank.de\" rel=\"noopener\">KfW F\u00f6rderbank<\/a><\/li>\n<li><a class=\"external text\" rel=\"nofollow noopener\" target=\"_blank\" href=\"http:\/\/www.finanzen.de\">finanzen.de<\/a><\/li>\n<li><a class=\"external text\" rel=\"nofollow noopener\" target=\"_blank\" href=\"http:\/\/www.energie-experten.org\/\">energie-experten.org<\/a><\/li>\n<li><a class=\"external text\" rel=\"nofollow noopener\" target=\"_blank\" href=\"http:\/\/www.stromeffizienz.de\/stromsparen.html\">stromeffizienz.de<\/a><\/li>\n<li><a class=\"external text\" rel=\"nofollow noopener\" target=\"_blank\" href=\"http:\/\/www.heizungsfinder.de\">heizungsfinder.de<\/a><\/li>\n<\/ul>\n<p><span>Wir haben auf unserer Homepage Links und Banner zu anderen externen Seiten gesetzt. F\u00fcr all diese Links und Banner auf unserer Homepage gilt: Wir distanzieren uns hiermit ausdr\u00fccklich von allen Inhalten s\u00e4mtlicher gelinkter Seiten und verweisen darauf, dass wir keinen Einfluss auf Gestaltung und Inhalte der verlinkten Seiten haben<\/span><\/p>\n","protected":false},"excerpt":{"rendered":"<p>Nutzen Sie das ganze Internet! Wir haben auf dieser Seite interessante Links f\u00fcr unsere Kunden zusammengestellt. So k\u00f6nnen Sie ganz entspannt surfen und sich zum Thema Ihrer Wahl noch umfassender informieren. Diese Links aktualisieren wir st\u00e4ndig, sodass Sie hier immer wieder den einen oder anderen zus\u00e4tzlichen Hinweis finden. Schauen Sie [&hellip;]<\/p>\n","protected":false},"author":1,"featured_media":0,"parent":0,"menu_order":5,"comment_status":"closed","ping_status":"closed","template":"","meta":{"footnotes":""},"class_list":["post-153","page","type-page","status-publish","hentry"],"_links":{"self":[{"href":"https:\/\/energieberatung-cyriax.de\/index.php?rest_route=\/wp\/v2\/pages\/153","targetHints":{"allow":["GET"]}}],"collection":[{"href":"https:\/\/energieberatung-cyriax.de\/index.php?rest_route=\/wp\/v2\/pages"}],"about":[{"href":"https:\/\/energieberatung-cyriax.de\/index.php?rest_route=\/wp\/v2\/types\/page"}],"author":[{"embeddable":true,"href":"https:\/\/energieberatung-cyriax.de\/index.php?rest_route=\/wp\/v2\/users\/1"}],"replies":[{"embeddable":true,"href":"https:\/\/energieberatung-cyriax.de\/index.php?rest_route=%2Fwp%2Fv2%2Fcomments&post=153"}],"version-history":[{"count":5,"href":"https:\/\/energieberatung-cyriax.de\/index.php?rest_route=\/wp\/v2\/pages\/153\/revisions"}],"predecessor-version":[{"id":162,"href":"https:\/\/energieberatung-cyriax.de\/index.php?rest_route=\/wp\/v2\/pages\/153\/revisions\/162"}],"wp:attachment":[{"href":"https:\/\/energieberatung-cyriax.de\/index.php?rest_route=%2Fwp%2Fv2%2Fmedia&parent=153"}],"curies":[{"name":"wp","href":"https:\/\/api.w.org\/{rel}","templated":true}]}}