{"id":2,"date":"2017-11-29T03:48:21","date_gmt":"2017-11-29T03:48:21","guid":{"rendered":"http:\/\/energieberatung-cyriax.de\/?page_id=2"},"modified":"2020-05-28T20:54:25","modified_gmt":"2020-05-28T20:54:25","slug":"startpage","status":"publish","type":"page","link":"https:\/\/energieberatung-cyriax.de\/","title":{"rendered":"Willkommen"},"content":{"rendered":"<p style=\"text-align: center;\"><b>Herzlich Willkommen beim Energieberater und <\/b><b>Grundst\u00fccksbewerter Frank Cyriax!<\/b><\/p>\n<p style=\"text-align: center;\">Wollen Sie nicht auch Ihre Energiekosten senken und modernisieren? Dann ben\u00f6tigen Sie eine unabh\u00e4ngige <b>Vor-Ort-<\/b>&nbsp;<b>Energieberatung?<\/b><\/p>\n<p style=\"text-align: center;\"><b>Ist Ihnen auch Ihr Strom oder Gas zu teuer?<\/b><\/p>\n<p style=\"text-align: center;\">Dann bin ich der richtige Ansprechpartner. Ich erstelle Ihnen gerne ein kostenloses Angebot!<\/p>\n<p style=\"text-align: center;\">Jetzt auch aus aktuellem Anlass NEUE SONDERKONDITIONEN f\u00fcr \u00d6KOSTROM und<br \/>\n\u00d6KOGAS- aus 100% erneuerbaren Energien und ATOMSTROMFREI!<\/p>\n<p><img loading=\"lazy\" decoding=\"async\" class=\"wp-image-58 size-large aligncenter\" src=\"https:\/\/energieberatung-cyriax.de\/wp-content\/uploads\/2017\/12\/solar-2955285_1920-1024x683.jpg\" alt=\"\" width=\"525\" height=\"350\" srcset=\"https:\/\/energieberatung-cyriax.de\/wp-content\/uploads\/2017\/12\/solar-2955285_1920-1024x683.jpg 1024w, https:\/\/energieberatung-cyriax.de\/wp-content\/uploads\/2017\/12\/solar-2955285_1920-300x200.jpg 300w, https:\/\/energieberatung-cyriax.de\/wp-content\/uploads\/2017\/12\/solar-2955285_1920-768x512.jpg 768w, https:\/\/energieberatung-cyriax.de\/wp-content\/uploads\/2017\/12\/solar-2955285_1920.jpg 1920w\" sizes=\"auto, (max-width: 525px) 100vw, 525px\" \/><\/p>\n<p style=\"text-align: center;\">Tun auch Sie etwas f\u00fcr Unsere Umwelt und wechseln Sie jetzt!<\/p>\n<p style=\"text-align: center;\"><b>Sparen Sie jetzt und warten Sie nicht, bis die Preise erh\u00f6ht werden!<\/b> Ich berate Sie gerne.<\/p>\n<p style=\"text-align: center;\">Entsprechend der&nbsp;neuen <b>Energieeinsparverordnung<\/b> (<b>EnEV 2009<\/b>) besteht seit 01.07.2009 die <b>Pflicht<\/b> zur Vorlage eines&nbsp;<b>zertifizierten-bedarfsorientierten&nbsp;Energieausweises<\/b>.<\/p>\n<p style=\"text-align: center;\">Nur dieser zeigt dem neuen Mietern oder K\u00e4ufer die&nbsp;energetische Qualit\u00e4t der Immobilie. Wir&nbsp;beraten&nbsp;&nbsp;Sie gerne in&nbsp;allen Fragen&nbsp;zur <b>Energie-Effizienz<\/b>, erstellen&nbsp;Modernisierungs-Varianten&nbsp;einschlie\u00dflich<b> Finanzierung<\/b> und Wohnungsbauf\u00f6rderung&nbsp;sowie&nbsp;<b>KfW-Zusch\u00fcsse<\/b>.<\/p>\n<p style=\"text-align: center;\">In einer <strong>Vor-Ort-Beratung<br \/>\n<span>in Erfurt, Weimar, Jena, Bad Berka, Apolda,<br \/>\nBlankenhain, Kranichfeld oder ganz Th\u00fcringen<\/span><br \/>\n<\/strong>unterst\u00fctze ich Sie hierbei gern!<\/p>\n<p style=\"text-align: center;\"><a href=\"https:\/\/energieberatung-cyriax.de\/?page_id=21\">Hier<\/a> k\u00f6nnen Sie direkt mit mir in Verbindung treten.<\/p>\n<p style=\"text-align: center;\">Lassen Sie durch <b>Solarthermie\/Photovoltaikanlage<\/b>&nbsp;die Sonne f\u00fcr sich arbeiten.<br \/>\nNutzen Sie zunehmend alternative, erneuerbare Energien!<\/p>\n<p><img loading=\"lazy\" decoding=\"async\" class=\"aligncenter wp-image-54 size-large\" src=\"https:\/\/energieberatung-cyriax.de\/wp-content\/uploads\/2017\/12\/photovoltaic-2814504_1920-1024x683.jpg\" alt=\"\" width=\"525\" height=\"350\" srcset=\"https:\/\/energieberatung-cyriax.de\/wp-content\/uploads\/2017\/12\/photovoltaic-2814504_1920-1024x683.jpg 1024w, https:\/\/energieberatung-cyriax.de\/wp-content\/uploads\/2017\/12\/photovoltaic-2814504_1920-300x200.jpg 300w, https:\/\/energieberatung-cyriax.de\/wp-content\/uploads\/2017\/12\/photovoltaic-2814504_1920-768x512.jpg 768w, https:\/\/energieberatung-cyriax.de\/wp-content\/uploads\/2017\/12\/photovoltaic-2814504_1920.jpg 1920w\" sizes=\"auto, (max-width: 525px) 100vw, 525px\" \/><\/p>\n<p style=\"text-align: center;\">Weiterhin biete ich <b>Kurzgutachten im Bereich&nbsp;Grundst\u00fccks- und Immobilienbewertung <\/b>an! Ich lade Sie herzlich ein, sich auf den folgenden Seiten detailliert \u00fcber mein <a href=\"https:\/\/energieberatung-cyriax.de\/?page_id=12\">Leistungsangebot<\/a> zu informieren.<\/p>\n<p style=\"text-align: center;\">Ihr<b> Energieberater (BAFA-gelistet)<\/b> <b>&amp; <\/b><b>Gutachter f\u00fcr Grundst\u00fccksbewertung <\/b><strong>Frank Cyriax<\/strong><\/p>\n<p style=\"text-align: center;\">Dorfstra\u00dfe 57a<br \/>\nOT Thangelstedt<br \/>\n99444 Blankenhain<\/p>\n<p style=\"text-align: center;\">Tel.: 036459-42660<br \/>\nFax: 036459-63642<br \/>\nMobil: 0175 29 29 916<br \/>\nE-Mail: <a href=\"mailto:info@energieberatung-cyriax.de\">info@energieberatung-cyriax.de<\/a><br \/>\nWeb: <a href=\"https:\/\/www.energieberatung-cyriax.de\">www.energieberatung-cyriax.de<\/a><\/p>\n<p style=\"text-align: center;\"><img loading=\"lazy\" decoding=\"async\" class=\"wp-image-47 size-medium aligncenter\" src=\"https:\/\/energieberatung-cyriax.de\/wp-content\/uploads\/2017\/12\/Cyriax_Logo1-300x223.jpg\" alt=\"\" width=\"300\" height=\"223\" srcset=\"https:\/\/energieberatung-cyriax.de\/wp-content\/uploads\/2017\/12\/Cyriax_Logo1-300x223.jpg 300w, https:\/\/energieberatung-cyriax.de\/wp-content\/uploads\/2017\/12\/Cyriax_Logo1-768x570.jpg 768w, https:\/\/energieberatung-cyriax.de\/wp-content\/uploads\/2017\/12\/Cyriax_Logo1-1024x760.jpg 1024w\" sizes=\"auto, (max-width: 300px) 100vw, 300px\" \/><\/p>\n<p style=\"text-align: center;\"><a href=\"http:\/\/www.heizungsfinder.de\"><img loading=\"lazy\" decoding=\"async\" src=\"https:\/\/energieberatung-cyriax.de\/wp-content\/uploads\/2017\/12\/12614603.png\" alt=\"heizungsfinder.de\" class=\"alignnone wp-image-109 size-full\" width=\"179\" height=\"76\"><\/a><\/p>\n","protected":false},"excerpt":{"rendered":"<p>Herzlich Willkommen beim Energieberater und Grundst\u00fccksbewerter Frank Cyriax! Wollen Sie nicht auch Ihre Energiekosten senken und modernisieren? Dann ben\u00f6tigen Sie eine unabh\u00e4ngige Vor-Ort-&nbsp;Energieberatung? Ist Ihnen auch Ihr Strom oder Gas zu teuer? Dann bin ich der richtige Ansprechpartner. Ich erstelle Ihnen gerne ein kostenloses Angebot! Jetzt auch aus aktuellem Anlass [&hellip;]<\/p>\n","protected":false},"author":1,"featured_media":0,"parent":0,"menu_order":1,"comment_status":"closed","ping_status":"closed","template":"","meta":{"footnotes":""},"class_list":["post-2","page","type-page","status-publish","hentry"],"_links":{"self":[{"href":"https:\/\/energieberatung-cyriax.de\/index.php?rest_route=\/wp\/v2\/pages\/2","targetHints":{"allow":["GET"]}}],"collection":[{"href":"https:\/\/energieberatung-cyriax.de\/index.php?rest_route=\/wp\/v2\/pages"}],"about":[{"href":"https:\/\/energieberatung-cyriax.de\/index.php?rest_route=\/wp\/v2\/types\/page"}],"author":[{"embeddable":true,"href":"https:\/\/energieberatung-cyriax.de\/index.php?rest_route=\/wp\/v2\/users\/1"}],"replies":[{"embeddable":true,"href":"https:\/\/energieberatung-cyriax.de\/index.php?rest_route=%2Fwp%2Fv2%2Fcomments&post=2"}],"version-history":[{"count":21,"href":"https:\/\/energieberatung-cyriax.de\/index.php?rest_route=\/wp\/v2\/pages\/2\/revisions"}],"predecessor-version":[{"id":179,"href":"https:\/\/energieberatung-cyriax.de\/index.php?rest_route=\/wp\/v2\/pages\/2\/revisions\/179"}],"wp:attachment":[{"href":"https:\/\/energieberatung-cyriax.de\/index.php?rest_route=%2Fwp%2Fv2%2Fmedia&parent=2"}],"curies":[{"name":"wp","href":"https:\/\/api.w.org\/{rel}","templated":true}]}}