{"id":25,"date":"2017-12-03T19:43:39","date_gmt":"2017-12-03T19:43:39","guid":{"rendered":"http:\/\/energieberatung-cyriax.de\/?page_id=25"},"modified":"2017-12-13T21:29:05","modified_gmt":"2017-12-13T21:29:05","slug":"impressum","status":"publish","type":"page","link":"https:\/\/energieberatung-cyriax.de\/?page_id=25","title":{"rendered":"Impressum"},"content":{"rendered":"<p><strong>Impressum<\/strong><\/p>\n<p>Verantwortlich f\u00fcr den Inhalt:<br \/>\nEnergieberatung &amp; Grundst\u00fccksbewertung<br \/>\nFrank Cyriax<br \/>\nDorfstra\u00dfe 57a<br \/>\nOT Thangelstedt<br \/>\n99444 Blankenhain<\/p>\n<p>Tel.: 036459-42660<br \/>\nFax: 036459-63642<br \/>\nMobil: 0175 29 29 916<\/p>\n<p>E-Mail: <a href=\"mailto:info@energieberatung-cyriax.de\">info@energieberatung-cyriax.de<\/a><br \/>\nWeb: <a href=\"https:\/\/www.energieberatung-cyriax.de\">www.energieberatung-cyriax.de<\/a><\/p>\n<p>Steuer-Nr.: FA Jena 162\/211\/02561<\/p>\n<p><span style=\"font-size: 10pt;\"><strong>Haftung f\u00fcr Beratungsleistungen<\/strong><\/span><br \/>\n<span style=\"font-size: 10pt;\"> Bei der Beratung handelt es sich um grundlegende Empfehlungen zur Optimierung Ihrer Geb\u00e4ude- Energieeffizienz. entspr. den Mindestanforderungen der EnEV. Die Auswahl der Ma\u00dfnahmen richtet sich nach den W\u00fcnschen und finanziellen M\u00f6glichkeiten des Beratungsempf\u00e4ngers und obliegt dem Bauherren selbst. Daf\u00fcr wird von uns keine Haftung \u00fcbernommen.<\/span><br \/>\n<span style=\"font-size: 10pt;\"> F\u00fcr die baum\u00e4\u00dfigen und heizungstechnischen Ausf\u00fchrungen sind die jeweiligen beauftragten Fachfirmen verantwortlich. Diesbez\u00fcglich ist von dort ein konkretes Angebot einzuholen und sich beraten zu lassen. Auf Wunsch kann daf\u00fcr ein baubegleitendes Projektierungsb\u00fcro in Ihrer N\u00e4he empfohlen werden.<\/span><\/p>\n<p><span style=\"font-size: 10pt;\"><b>Haftung f\u00fcr Inhalte<\/b><\/span><br \/>\n<span style=\"font-size: 10pt;\"> Die Inhalte unserer Seiten wurden mit gr\u00f6\u00dfter Sorgfalt erstellt. F\u00fcr die Richtigkeit, Vollst\u00e4ndigkeit und Aktualit\u00e4t der Inhalte k\u00f6nnen wir jedoch keine Gew\u00e4hr \u00fcbernehmen.<\/span><br \/>\n<span style=\"font-size: 10pt;\"> Als Dienstleister sind wir gem\u00e4\u00df \u00a7 7 Abs.1 TMG f\u00fcr eigene Inhalte auf diesen Seiten nach den allgemeinen Gesetzen verantwortlich. Nach \u00a7\u00a7 8 bis 10 TMG sind wir jedoch nicht verpflichtet, \u00fcbermittelte oder gespeicherte fremde Informationen zu \u00fcberwachen oder nach Umst\u00e4nden zu forschen, die auf eine rechtswidrige T\u00e4tigkeit hinweisen. Verpflichtungen zur Entfernung oder Sperrung der Nutzung von Informationen nach den allgemeinen Gesetzen bleiben hiervon unber\u00fchrt. Eine diesbez\u00fcgliche Haftung ist jedoch erst ab dem Zeitpunkt der Kenntnis einer konkreten Rechtsverletzung m\u00f6glich. Bei bekannt werden von entsprechenden Rechtsverletzungen werden wir diese Inhalte umgehend entfernen.<\/span><\/p>\n<p><span style=\"font-size: 10pt;\"><b>Haftung f\u00fcr Links<\/b><\/span><br \/>\n<span style=\"font-size: 10pt;\"> Unser Angebot enth\u00e4lt Links zu externen Webseiten Dritter, auf deren Inhalte wir keinen Einfluss haben. Deshalb k\u00f6nnen wir f\u00fcr diese fremden Inhalte auch keine Gew\u00e4hr \u00fcbernehmen. F\u00fcr die Inhalte der verlinkten Seiten ist stets der jeweilige Anbieter oder Betreiber der Seiten verantwortlich. Die verlinkten Seiten wurden zum Zeitpunkt der Verlinkung auf m\u00f6gliche Rechtsverst\u00f6\u00dfe \u00fcberpr\u00fcft. Rechtswidrige Inhalte waren zum Zeitpunkt der Verlinkung nicht erkennbar. Eine permanente inhaltliche Kontrolle der verlinkten Seiten ist jedoch ohne konkrete Anhaltspunkte einer Rechtsverletzung nicht zumutbar. Bei bekannt werden von Rechtsverletzungen werden wir derartige Links umgehend entfernen.<\/span><\/p>\n<p><span style=\"font-size: 10pt;\"><strong>Urheberrecht<\/strong><\/span><br \/>\n<span style=\"font-size: 10pt;\"> Die durch die Seitenbetreiber erstellten Inhalte und Werke auf diesen Seiten unterliegen dem deutschen Urheberrecht. Beitr\u00e4ge Dritter sind als solche gekennzeichnet. Die Vervielf\u00e4ltigung, Bearbeitung, Verbreitung und jede Art der Verwertung au\u00dferhalb der Grenzen des Urheberrechtes bed\u00fcrfen der schriftlichen Zustimmung des jeweiligen Autors. Downloads und Kopien dieser Seite sind nur f\u00fcr den privaten, nicht kommerziellen Gebrauch gestattet.<\/span><br \/>\n<span style=\"font-size: 10pt;\"> Die Betreiber der Seiten sind bem\u00fcht, stets die Urheberrechte anderer zu beachten bzw. auf selbst erstellte sowie lizenzfreie Werke zur\u00fcckzugreifen.<\/span><\/p>\n<p><span style=\"font-size: 10pt;\"><b>Datenschutz<\/b><\/span><br \/>\n<span style=\"font-size: 10pt;\"> Soweit auf unseren Seiten personenbezogene Daten (beispielsweise Name, Anschrift oder Email- Adressen) erhoben werden, erfolgt dies soweit m\u00f6glich stets auf freiwilliger Basis. Die Nutzung der Angebote und Dienste ist, soweit m\u00f6glich, stets ohne Angabe personenbezogener Daten m\u00f6glich.<\/span><br \/>\n<span style=\"font-size: 10pt;\"> Wir weisen darauf hin, dass die Daten\u00fcbertragung im Internet (z.B. bei der Kommunikation per E-Mail) Sicherheitsl\u00fccken aufweisen kann. Ein l\u00fcckenloser Schutz der Daten vor dem Zugriff durch Dritte ist nicht m\u00f6glich.<\/span><br \/>\n<span style=\"font-size: 10pt;\"> Der Nutzung von im Rahmen der Impressumspflicht ver\u00f6ffentlichten Kontaktdaten durch Dritte zur \u00dcbersendung von nicht ausdr\u00fccklich angeforderter Werbung und Informationsmaterialien wird hiermit ausdr\u00fccklich widersprochen<\/span><\/p>\n","protected":false},"excerpt":{"rendered":"<p>Impressum Verantwortlich f\u00fcr den Inhalt: Energieberatung &amp; Grundst\u00fccksbewertung Frank Cyriax Dorfstra\u00dfe 57a OT Thangelstedt 99444 Blankenhain Tel.: 036459-42660 Fax: 036459-63642 Mobil: 0175 29 29 916 E-Mail: info@energieberatung-cyriax.de Web: www.energieberatung-cyriax.de Steuer-Nr.: FA Jena 162\/211\/02561 Haftung f\u00fcr Beratungsleistungen Bei der Beratung handelt es sich um grundlegende Empfehlungen zur Optimierung Ihrer Geb\u00e4ude- Energieeffizienz. [&hellip;]<\/p>\n","protected":false},"author":1,"featured_media":0,"parent":0,"menu_order":7,"comment_status":"closed","ping_status":"closed","template":"","meta":{"footnotes":""},"class_list":["post-25","page","type-page","status-publish","hentry"],"_links":{"self":[{"href":"https:\/\/energieberatung-cyriax.de\/index.php?rest_route=\/wp\/v2\/pages\/25","targetHints":{"allow":["GET"]}}],"collection":[{"href":"https:\/\/energieberatung-cyriax.de\/index.php?rest_route=\/wp\/v2\/pages"}],"about":[{"href":"https:\/\/energieberatung-cyriax.de\/index.php?rest_route=\/wp\/v2\/types\/page"}],"author":[{"embeddable":true,"href":"https:\/\/energieberatung-cyriax.de\/index.php?rest_route=\/wp\/v2\/users\/1"}],"replies":[{"embeddable":true,"href":"https:\/\/energieberatung-cyriax.de\/index.php?rest_route=%2Fwp%2Fv2%2Fcomments&post=25"}],"version-history":[{"count":8,"href":"https:\/\/energieberatung-cyriax.de\/index.php?rest_route=\/wp\/v2\/pages\/25\/revisions"}],"predecessor-version":[{"id":126,"href":"https:\/\/energieberatung-cyriax.de\/index.php?rest_route=\/wp\/v2\/pages\/25\/revisions\/126"}],"wp:attachment":[{"href":"https:\/\/energieberatung-cyriax.de\/index.php?rest_route=%2Fwp%2Fv2%2Fmedia&parent=25"}],"curies":[{"name":"wp","href":"https:\/\/api.w.org\/{rel}","templated":true}]}}