{"id":28,"date":"2017-12-03T19:48:08","date_gmt":"2017-12-03T19:48:08","guid":{"rendered":"http:\/\/energieberatung-cyriax.de\/?page_id=28"},"modified":"2017-12-13T21:28:20","modified_gmt":"2017-12-13T21:28:20","slug":"referenz","status":"publish","type":"page","link":"https:\/\/energieberatung-cyriax.de\/?page_id=28","title":{"rendered":"Referenz"},"content":{"rendered":"<div align=\"left\">\n<p>Nachfolgend finden Sie ein Beispiel f\u00fcr einen von mir erstellten Energieausweis f\u00fcr ein Wohngeb\u00e4ude gem\u00e4\u00df den \u00a7\u00a7 16 ff. Energieeinsparverordnung (EnEV).<\/p>\n<p>Eckdaten zum Referenzobjekt:<\/p>\n<table width=\"100%\" cellspacing=\"0\" cellpadding=\"0\" border=\"1\">\n<tbody>\n<tr>\n<td>Geb\u00e4udetyp:<\/td>\n<td>\u00a0Mehrfamilienwohnhaus<\/td>\n<\/tr>\n<tr>\n<td>Geb\u00e4udeteil:<\/td>\n<td>\u00a0MF-Wohnhaus-Gesamtobjekt<\/td>\n<\/tr>\n<tr>\n<td>Baujahr Geb\u00e4ude:<\/td>\n<td>\u00a01950 Mehrfamilienhaus \/ Modernisierung 2010<\/td>\n<\/tr>\n<tr>\n<td>Baujahr Anlagentechnik:<\/td>\n<td>\u00a02010 Brennwert-Gasheizung 35 kw<\/td>\n<\/tr>\n<tr>\n<td valign=\"top\">Anzahl Wohnungen:<\/td>\n<td valign=\"top\">\u00a0urspr\u00fcnglich 15, jetzt 6<\/td>\n<\/tr>\n<tr>\n<td valign=\"top\">Geb\u00e4udenutzfl\u00e4che (AN):<\/td>\n<td valign=\"top\">\u00a0623,79 m\u00b2, (Tats\u00e4chliche Wohnfl.: 623,00 m\u00b2)<\/td>\n<\/tr>\n<tr>\n<td valign=\"top\">Erneuerbare Energien:<\/td>\n<td valign=\"top\">\u00a0Solartechnik m\u00f6glich<\/td>\n<\/tr>\n<tr>\n<td valign=\"top\">Anlass der Ausstellung des<br \/>\nEnergieausweises:<\/td>\n<td valign=\"top\">\u00a0Vermietung \/ Verkauf<\/td>\n<\/tr>\n<\/tbody>\n<\/table>\n<p><img loading=\"lazy\" decoding=\"async\" class=\"alignnone wp-image-97 size-full\" src=\"https:\/\/energieberatung-cyriax.de\/wp-content\/uploads\/2017\/12\/mehrfamilienhaus_usb.jpg\" alt=\"\" width=\"400\" height=\"300\" srcset=\"https:\/\/energieberatung-cyriax.de\/wp-content\/uploads\/2017\/12\/mehrfamilienhaus_usb.jpg 400w, https:\/\/energieberatung-cyriax.de\/wp-content\/uploads\/2017\/12\/mehrfamilienhaus_usb-300x225.jpg 300w\" sizes=\"auto, (max-width: 400px) 100vw, 400px\" \/><\/p>\n<p>Den kompletten Energieausweis finden Sie <a href=\"https:\/\/energieberatung-cyriax.de\/wp-content\/uploads\/2017\/12\/Energieausweis.pdf\">hier<\/a>.<\/p>\n<p>Den Energiebericht mit IST-Zustand und Modernisierungsvarianten finden Sie <a href=\"https:\/\/energieberatung-cyriax.de\/wp-content\/uploads\/2017\/12\/Energiebericht.pdf\">hier<\/a>.<\/p>\n<p>Ein herzliches Danksch\u00f6n an dieser Stelle an USB-Immobilien aus Blankenhain!<\/p>\n<\/div>\n","protected":false},"excerpt":{"rendered":"<p>Nachfolgend finden Sie ein Beispiel f\u00fcr einen von mir erstellten Energieausweis f\u00fcr ein Wohngeb\u00e4ude gem\u00e4\u00df den \u00a7\u00a7 16 ff. Energieeinsparverordnung (EnEV). Eckdaten zum Referenzobjekt: Geb\u00e4udetyp: \u00a0Mehrfamilienwohnhaus Geb\u00e4udeteil: \u00a0MF-Wohnhaus-Gesamtobjekt Baujahr Geb\u00e4ude: \u00a01950 Mehrfamilienhaus \/ Modernisierung 2010 Baujahr Anlagentechnik: \u00a02010 Brennwert-Gasheizung 35 kw Anzahl Wohnungen: \u00a0urspr\u00fcnglich 15, jetzt 6 Geb\u00e4udenutzfl\u00e4che (AN): \u00a0623,79 [&hellip;]<\/p>\n","protected":false},"author":1,"featured_media":0,"parent":0,"menu_order":4,"comment_status":"closed","ping_status":"closed","template":"","meta":{"footnotes":""},"class_list":["post-28","page","type-page","status-publish","hentry"],"_links":{"self":[{"href":"https:\/\/energieberatung-cyriax.de\/index.php?rest_route=\/wp\/v2\/pages\/28","targetHints":{"allow":["GET"]}}],"collection":[{"href":"https:\/\/energieberatung-cyriax.de\/index.php?rest_route=\/wp\/v2\/pages"}],"about":[{"href":"https:\/\/energieberatung-cyriax.de\/index.php?rest_route=\/wp\/v2\/types\/page"}],"author":[{"embeddable":true,"href":"https:\/\/energieberatung-cyriax.de\/index.php?rest_route=\/wp\/v2\/users\/1"}],"replies":[{"embeddable":true,"href":"https:\/\/energieberatung-cyriax.de\/index.php?rest_route=%2Fwp%2Fv2%2Fcomments&post=28"}],"version-history":[{"count":5,"href":"https:\/\/energieberatung-cyriax.de\/index.php?rest_route=\/wp\/v2\/pages\/28\/revisions"}],"predecessor-version":[{"id":157,"href":"https:\/\/energieberatung-cyriax.de\/index.php?rest_route=\/wp\/v2\/pages\/28\/revisions\/157"}],"wp:attachment":[{"href":"https:\/\/energieberatung-cyriax.de\/index.php?rest_route=%2Fwp%2Fv2%2Fmedia&parent=28"}],"curies":[{"name":"wp","href":"https:\/\/api.w.org\/{rel}","templated":true}]}}