{"id":40,"date":"2017-12-03T20:50:16","date_gmt":"2017-12-03T20:50:16","guid":{"rendered":"http:\/\/energieberatung-cyriax.de\/?page_id=40"},"modified":"2017-12-13T21:38:13","modified_gmt":"2017-12-13T21:38:13","slug":"ueber-uns","status":"publish","type":"page","link":"https:\/\/energieberatung-cyriax.de\/?page_id=40","title":{"rendered":"\u00dcber mich"},"content":{"rendered":"<p style=\"text-align: center;\">Meine Vor-Ort-Energieberatung spart Ihnen<br \/>\n<strong>Zeit und Energie<\/strong>.<\/p>\n<p style=\"text-align: center;\"><img loading=\"lazy\" decoding=\"async\" class=\"aligncenter wp-image-73 size-large\" src=\"https:\/\/energieberatung-cyriax.de\/wp-content\/uploads\/2017\/12\/earth-2581631_1920-1024x636.jpg\" alt=\"\" width=\"525\" height=\"326\" srcset=\"https:\/\/energieberatung-cyriax.de\/wp-content\/uploads\/2017\/12\/earth-2581631_1920-1024x636.jpg 1024w, https:\/\/energieberatung-cyriax.de\/wp-content\/uploads\/2017\/12\/earth-2581631_1920-300x186.jpg 300w, https:\/\/energieberatung-cyriax.de\/wp-content\/uploads\/2017\/12\/earth-2581631_1920-768x477.jpg 768w, https:\/\/energieberatung-cyriax.de\/wp-content\/uploads\/2017\/12\/earth-2581631_1920.jpg 1920w\" sizes=\"auto, (max-width: 525px) 100vw, 525px\" \/><\/p>\n<p style=\"text-align: center;\">Die Beratung umfasst neben der Erstellung eines zertifizierten, unabh\u00e4ngigen Energieausweises alle Fragen\u00a0zur Optimierung Ihres Energieverbrauches, d.h. W\u00e4rmed\u00e4mmung, Heizung, Solar, Strom, Gas und\u00a0alternative Energien.<\/p>\n<p style=\"text-align: center;\">In Zusammenarbeit mit gr\u00f6\u00dferen th\u00fcringer Energie-Unternehmen\u00a0und verschiedenen Montagefirmen\u00a0\u00a0vergleichen wir Tarife bei Strom und Gas und erstellen\u00a0Ihnen ein komplexes Angebot\u00a0zur effektiven Nutzung Ihrer Energietr\u00e4ger.<\/p>\n<p style=\"text-align: center;\">Lassen Sie gerade in wirtschaftlich unsicheren Zeiten\u00a0Ihr Geld nicht nutzlos liegen. Nutzen Sie stattdessen z.B. mit einer Photovoltaikanlage die Kraft der Sonne!<\/p>\n<p style=\"text-align: center;\"><img loading=\"lazy\" decoding=\"async\" class=\"aligncenter wp-image-75 size-large\" src=\"https:\/\/energieberatung-cyriax.de\/wp-content\/uploads\/2017\/12\/energy-1322810_1920-1024x682.jpg\" alt=\"\" width=\"525\" height=\"350\" srcset=\"https:\/\/energieberatung-cyriax.de\/wp-content\/uploads\/2017\/12\/energy-1322810_1920-1024x682.jpg 1024w, https:\/\/energieberatung-cyriax.de\/wp-content\/uploads\/2017\/12\/energy-1322810_1920-300x200.jpg 300w, https:\/\/energieberatung-cyriax.de\/wp-content\/uploads\/2017\/12\/energy-1322810_1920-768x511.jpg 768w, https:\/\/energieberatung-cyriax.de\/wp-content\/uploads\/2017\/12\/energy-1322810_1920.jpg 1920w\" sizes=\"auto, (max-width: 525px) 100vw, 525px\" \/><\/p>\n<p style=\"text-align: center;\">Der stetig wachsende Kundenkreis und die zufriedenen Stammkunden best\u00e4tigen mir immer wieder\u00a0die Qualit\u00e4t meiner <a href=\"https:\/\/energieberatung-cyriax.de\/?page_id=12\">Leistungen.<\/a><br \/>\nLassen auch Sie sich auch davon \u00fcberzeugen und nehmen Sie gleich <a href=\"https:\/\/energieberatung-cyriax.de\/?page_id=21\">Kontakt<\/a> mit mir auf.<\/p>\n<p style=\"text-align: center;\">Au\u00dferdem biete ich die Bewertung bebauter und unbebauter Grundst\u00fccke an!<\/p>\n<p style=\"text-align: center;\">Nachfolgend finden Sie meine erworbenen\u00a0Zertifikate zum<br \/>\n<b>Energieberater (Vor-Ort-Berater)\u00a0und <\/b><b>Gutachter f\u00fcr die Bewertung bebauter und\u00a0unbebauter Grundst\u00fccke<\/b><\/p>\n<p style=\"text-align: center;\"><a href=\"https:\/\/energieberatung-cyriax.de\/wp-content\/uploads\/2017\/12\/Zertifikat_Energieberater.jpg\" target=\"_blank\" rel=\"noopener\"><img loading=\"lazy\" decoding=\"async\" class=\"alignnone wp-image-111 size-full\" src=\"https:\/\/energieberatung-cyriax.de\/wp-content\/uploads\/2017\/12\/Zertifikat_Energieberater_tumbnail.jpg\" alt=\"Zertifikat Energieberater (Vor-Ort-Berater)\" width=\"250\" height=\"355\" srcset=\"https:\/\/energieberatung-cyriax.de\/wp-content\/uploads\/2017\/12\/Zertifikat_Energieberater_tumbnail.jpg 250w, https:\/\/energieberatung-cyriax.de\/wp-content\/uploads\/2017\/12\/Zertifikat_Energieberater_tumbnail-211x300.jpg 211w\" sizes=\"auto, (max-width: 250px) 100vw, 250px\" \/><\/a>\u00a0\u00a0\u00a0\u00a0\u00a0\u00a0\u00a0 <a href=\"https:\/\/energieberatung-cyriax.de\/wp-content\/uploads\/2017\/12\/Zertifikat_Gutachter.jpg\" target=\"_blank\" rel=\"noopener\"><img loading=\"lazy\" decoding=\"async\" class=\"alignnone wp-image-112 size-full\" src=\"https:\/\/energieberatung-cyriax.de\/wp-content\/uploads\/2017\/12\/Zertifikat_Gutachter_tumbnail.jpg\" alt=\"Zertifikat Gutachter\" width=\"250\" height=\"355\" srcset=\"https:\/\/energieberatung-cyriax.de\/wp-content\/uploads\/2017\/12\/Zertifikat_Gutachter_tumbnail.jpg 250w, https:\/\/energieberatung-cyriax.de\/wp-content\/uploads\/2017\/12\/Zertifikat_Gutachter_tumbnail-211x300.jpg 211w\" sizes=\"auto, (max-width: 250px) 100vw, 250px\" \/><\/a><\/p>\n","protected":false},"excerpt":{"rendered":"<p>Meine Vor-Ort-Energieberatung spart Ihnen Zeit und Energie. Die Beratung umfasst neben der Erstellung eines zertifizierten, unabh\u00e4ngigen Energieausweises alle Fragen\u00a0zur Optimierung Ihres Energieverbrauches, d.h. W\u00e4rmed\u00e4mmung, Heizung, Solar, Strom, Gas und\u00a0alternative Energien. In Zusammenarbeit mit gr\u00f6\u00dferen th\u00fcringer Energie-Unternehmen\u00a0und verschiedenen Montagefirmen\u00a0\u00a0vergleichen wir Tarife bei Strom und Gas und erstellen\u00a0Ihnen ein komplexes Angebot\u00a0zur effektiven [&hellip;]<\/p>\n","protected":false},"author":1,"featured_media":0,"parent":0,"menu_order":2,"comment_status":"closed","ping_status":"closed","template":"","meta":{"footnotes":""},"class_list":["post-40","page","type-page","status-publish","hentry"],"_links":{"self":[{"href":"https:\/\/energieberatung-cyriax.de\/index.php?rest_route=\/wp\/v2\/pages\/40","targetHints":{"allow":["GET"]}}],"collection":[{"href":"https:\/\/energieberatung-cyriax.de\/index.php?rest_route=\/wp\/v2\/pages"}],"about":[{"href":"https:\/\/energieberatung-cyriax.de\/index.php?rest_route=\/wp\/v2\/types\/page"}],"author":[{"embeddable":true,"href":"https:\/\/energieberatung-cyriax.de\/index.php?rest_route=\/wp\/v2\/users\/1"}],"replies":[{"embeddable":true,"href":"https:\/\/energieberatung-cyriax.de\/index.php?rest_route=%2Fwp%2Fv2%2Fcomments&post=40"}],"version-history":[{"count":12,"href":"https:\/\/energieberatung-cyriax.de\/index.php?rest_route=\/wp\/v2\/pages\/40\/revisions"}],"predecessor-version":[{"id":164,"href":"https:\/\/energieberatung-cyriax.de\/index.php?rest_route=\/wp\/v2\/pages\/40\/revisions\/164"}],"wp:attachment":[{"href":"https:\/\/energieberatung-cyriax.de\/index.php?rest_route=%2Fwp%2Fv2%2Fmedia&parent=40"}],"curies":[{"name":"wp","href":"https:\/\/api.w.org\/{rel}","templated":true}]}}